{"id":25,"date":"2017-06-05T07:08:12","date_gmt":"2017-06-05T05:08:12","guid":{"rendered":"https:\/\/wordpress.pinkernell.online\/?page_id=25"},"modified":"2018-09-02T07:35:44","modified_gmt":"2018-09-02T05:35:44","slug":"startseite","status":"publish","type":"page","link":"https:\/\/www.pinkernell.online\/","title":{"rendered":"Willkommen"},"content":{"rendered":"\n<h2 class=\"wp-block-heading\">Herzlich willkommen&#8230;<\/h2>\n\n\n\n<p>auf den Seiten von Guido Pinkernell,<br\/>Professor f\u00fcr Mathematik und ihre Didaktik an der P\u00e4dagogischen Hochschule Heidelberg.<\/p>\n\n\n\n<p>Wenn Sie etwas \u00fcber mich in Erfahrung bringen wollen,<br\/>fangen Sie hier an: Schauen Sie sich um!<\/p>\n\n\n\n<p>Falls Sie noch mehr wissen wollen,<br\/>schreiben Sie mir:\u00a0<a href=\"mailto:pinkernell@ph-heidelberg.de\">Klick<\/a><\/p>\n\n\n\n<h2 class=\"wp-block-heading\">&#8230;und was es hier sonst noch gibt<\/h2>\n\n\n\n<ul class=\"wp-block-list\"><li>www.pinkernell.online: Dieser Netzauftritt<\/li><li>wordpress.pinkernell.online: Das CMS f\u00fcr diesen Netzauftritt<\/li><li>moodle.pinkernell.online: Die <a href=\"https:\/\/wordpress.pinkernell.online\/?page_id=288\">Heidelberger MatheBr\u00fccke<\/a><\/li><li>osticket.pinkernell.online: Projektmanagement der MatheBr\u00fccke<\/li><li>nextcloud.pinkernell.online: Meine Cloud &#8211; oale miene!<\/li><\/ul>\n","protected":false},"excerpt":{"rendered":"<p>Herzlich willkommen&#8230; auf den Seiten von Guido Pinkernell,Professor f\u00fcr Mathematik und ihre Didaktik an der P\u00e4dagogischen Hochschule Heidelberg. Wenn Sie etwas \u00fcber mich in Erfahrung bringen wollen,fangen Sie hier an: Schauen Sie sich um! Falls Sie noch mehr wissen wollen,schreiben Sie mir:\u00a0Klick &#8230;und was es hier sonst noch gibt www.pinkernell.online: Dieser Netzauftritt wordpress.pinkernell.online: Das CMS &hellip; <\/p>\n<p class=\"link-more\"><a href=\"https:\/\/www.pinkernell.online\/\" class=\"more-link\"><span class=\"screen-reader-text\">\u201eWillkommen\u201c<\/span> weiterlesen<\/a><\/p>\n","protected":false},"author":1,"featured_media":0,"parent":0,"menu_order":0,"comment_status":"closed","ping_status":"closed","template":"","meta":{"footnotes":""},"class_list":["post-25","page","type-page","status-publish","hentry"],"_links":{"self":[{"href":"https:\/\/www.pinkernell.online\/index.php?rest_route=\/wp\/v2\/pages\/25","targetHints":{"allow":["GET"]}}],"collection":[{"href":"https:\/\/www.pinkernell.online\/index.php?rest_route=\/wp\/v2\/pages"}],"about":[{"href":"https:\/\/www.pinkernell.online\/index.php?rest_route=\/wp\/v2\/types\/page"}],"author":[{"embeddable":true,"href":"https:\/\/www.pinkernell.online\/index.php?rest_route=\/wp\/v2\/users\/1"}],"replies":[{"embeddable":true,"href":"https:\/\/www.pinkernell.online\/index.php?rest_route=%2Fwp%2Fv2%2Fcomments&post=25"}],"version-history":[{"count":19,"href":"https:\/\/www.pinkernell.online\/index.php?rest_route=\/wp\/v2\/pages\/25\/revisions"}],"predecessor-version":[{"id":353,"href":"https:\/\/www.pinkernell.online\/index.php?rest_route=\/wp\/v2\/pages\/25\/revisions\/353"}],"wp:attachment":[{"href":"https:\/\/www.pinkernell.online\/index.php?rest_route=%2Fwp%2Fv2%2Fmedia&parent=25"}],"curies":[{"name":"wp","href":"https:\/\/api.w.org\/{rel}","templated":true}]}}