{"id":254,"date":"2018-09-01T19:11:50","date_gmt":"2018-09-01T17:11:50","guid":{"rendered":"https:\/\/wordpress.pinkernell.online\/?page_id=254"},"modified":"2023-11-06T12:12:54","modified_gmt":"2023-11-06T11:12:54","slug":"veroeffentlichungen","status":"publish","type":"page","link":"https:\/\/www.pinkernell.online\/?page_id=254","title":{"rendered":"Publikationen"},"content":{"rendered":"\n<h2 class=\"wp-block-heading\">Ver\u00f6ffentlichungen<\/h2>\n\n\n\n<p>Artikel, Konferenzbeitr\u00e4ge, Buchbeitr\u00e4ge, Monographien:&nbsp;<a href=\"https:\/\/wordpress.pinkernell.online\/?page_id=142\">Klick<\/a><\/p>\n\n\n\n<h2 class=\"wp-block-heading\">Vortr\u00e4ge<\/h2>\n\n\n\n<p>wenn diese nicht in eine Publikation gem\u00fcndet sind:\u00a0<a href=\"https:\/\/wordpress.pinkernell.online\/?page_id=232\">Klick<\/a><\/p>\n\n\n\n<h2 class=\"wp-block-heading\">Workshops<\/h2>\n\n\n\n<p>f\u00fcr Lehrerfortbildungen:\u00a0<a href=\"https:\/\/wordpress.pinkernell.online\/?page_id=248\">Klick<\/a><\/p>\n\n\n\n<p><br><\/p>\n\n\n\n<p><br><\/p>\n","protected":false},"excerpt":{"rendered":"<p>Ver\u00f6ffentlichungen Artikel, Konferenzbeitr\u00e4ge, Buchbeitr\u00e4ge, Monographien:&nbsp;Klick Vortr\u00e4ge wenn diese nicht in eine Publikation gem\u00fcndet sind:\u00a0Klick Workshops f\u00fcr Lehrerfortbildungen:\u00a0Klick<\/p>\n","protected":false},"author":1,"featured_media":0,"parent":0,"menu_order":0,"comment_status":"closed","ping_status":"closed","template":"","meta":{"footnotes":""},"class_list":["post-254","page","type-page","status-publish","hentry"],"_links":{"self":[{"href":"https:\/\/www.pinkernell.online\/index.php?rest_route=\/wp\/v2\/pages\/254","targetHints":{"allow":["GET"]}}],"collection":[{"href":"https:\/\/www.pinkernell.online\/index.php?rest_route=\/wp\/v2\/pages"}],"about":[{"href":"https:\/\/www.pinkernell.online\/index.php?rest_route=\/wp\/v2\/types\/page"}],"author":[{"embeddable":true,"href":"https:\/\/www.pinkernell.online\/index.php?rest_route=\/wp\/v2\/users\/1"}],"replies":[{"embeddable":true,"href":"https:\/\/www.pinkernell.online\/index.php?rest_route=%2Fwp%2Fv2%2Fcomments&post=254"}],"version-history":[{"count":10,"href":"https:\/\/www.pinkernell.online\/index.php?rest_route=\/wp\/v2\/pages\/254\/revisions"}],"predecessor-version":[{"id":714,"href":"https:\/\/www.pinkernell.online\/index.php?rest_route=\/wp\/v2\/pages\/254\/revisions\/714"}],"wp:attachment":[{"href":"https:\/\/www.pinkernell.online\/index.php?rest_route=%2Fwp%2Fv2%2Fmedia&parent=254"}],"curies":[{"name":"wp","href":"https:\/\/api.w.org\/{rel}","templated":true}]}}