{"id":26,"date":"2017-06-05T07:08:12","date_gmt":"2017-06-05T05:08:12","guid":{"rendered":"https:\/\/wordpress.pinkernell.online\/?page_id=26"},"modified":"2021-12-09T21:16:33","modified_gmt":"2021-12-09T20:16:33","slug":"ueber-mich","status":"publish","type":"page","link":"https:\/\/www.pinkernell.online\/?page_id=26","title":{"rendered":"\u00fcber mich"},"content":{"rendered":"\n<h2 class=\"wp-block-heading\" id=\"was-jetzt-ist\">Was jetzt ist&#8230;<\/h2>\n\n\n\n<figure class=\"wp-block-image\"><img decoding=\"async\" src=\"https:\/\/wordpress.pinkernell.online\/wp-content\/uploads\/2017\/06\/guido2011-klein.jpg\" alt=\"\" class=\"wp-image-73\"\/><\/figure>\n\n\n\n<p>Professor f\u00fcr Mathematik und ihre Didaktik<br>an der P\u00e4dagogischen Hochschule Heidelberg<\/p>\n\n\n\n<h4 class=\"wp-block-heading\" id=\"netzwerk\">Netzwerk<\/h4>\n\n\n\n<ul class=\"wp-block-list\"><li>Mitglied des Beirats der Gesellschaft f\u00fcr Didaktik der Mathematik<\/li><li>Mitglied im Leitungsteam der cooperative schule-hochschule (cosh)<\/li><li>Mitglied der Verb\u00e4nde GDM, der DMV, dem MNU<\/li><\/ul>\n\n\n\n<h4 class=\"wp-block-heading\" id=\"selbstverwaltung\">Selbstverwaltung<\/h4>\n\n\n\n<ul class=\"wp-block-list\"><li>Leiter des Zentralen Pr\u00fcfungsamts der PHHD und der Au\u00dfenstelle des Landeslehrerpr\u00fcfungsamts Baden-W\u00fcrttemberg<\/li><li>Mitglied der Zulassungsaussch\u00fcsse f\u00fcr die lehramtsbezogenen Bachelor- und Masterstudieng\u00e4nge<\/li><li>Stellvertretender Leiter des Instituts f\u00fcr Mathematik und Informatik<\/li><li>Mitglied des Promotionsausschusses und der Studienkommission der Fakult\u00e4t III der PHHD<\/li><li>Mitglied des Rats der Fakult\u00e4t III der PHHD<\/li><\/ul>\n\n\n\n<h2 class=\"wp-block-heading\" id=\"und-wie-es-soweit-kam\">&#8230;und wie es soweit kam<\/h2>\n\n\n\n<h4 class=\"wp-block-heading\" id=\"studium-der-facher-mathematik-und-musik-sowie-kirchenmusik\">Studium der F\u00e4cher Mathematik und Musik sowie Kirchenmusik<\/h4>\n\n\n\n<ul class=\"wp-block-list\"><li>Hochschule f\u00fcr Musik und Theater Hannover<\/li><li>Universit\u00e4t Hannover<\/li><li>University of Bristol (UK)<\/li><li>University of Wales College of Cardiff (UK)<\/li><li>Westf\u00e4lische Wilhelms-Universit\u00e4t M\u00fcnster<\/li><\/ul>\n\n\n\n<h4 class=\"wp-block-heading\" id=\"abschlusse-und-akademische-grade\">Abschl\u00fcsse und akademische Grade<\/h4>\n\n\n\n<ul class=\"wp-block-list\"><li>Erstes und Zweites Staatsexamen f\u00fcr das Lehramt an Gymnasien in den F\u00e4chern Mathematik und Musik<\/li><li>Diplom (B) Kirchenmusik&nbsp;<\/li><li>Master of Philosophy in Mathematics (MPhil)<\/li><li>Promotion (Dr. paed.) in Mathematikdidaktik<\/li><\/ul>\n\n\n\n<h4 class=\"wp-block-heading\" id=\"berufstatigkeit\">Berufst\u00e4tigkeit<\/h4>\n\n\n\n<ul class=\"wp-block-list\"><li>Gymnasiallehrer (OStR) am Gymnasium Johanneum Lingen (8 Jahre)<\/li><li>Entwicklungs- und Fortbildungsarbeit als Betreuer im Qualit\u00e4tsnetzwerk Mathematik der Landesschulbeh\u00f6rde Osnabr\u00fcck\/Emsland sowie als Mitglied der&nbsp;Netzwerkgruppen AMMuNT und MUT (NDS)<\/li><li>Wissenschaftlicher Mitarbeiter an der Westf\u00e4lischen Wilhelms-Universit\u00e4t M\u00fcnster (Prof. Dr. Mei\u00dfner) und der Technischen Universit\u00e4t Darmstadt (Prof. Dr. Bruder)<\/li><li>Vertretungsprofessuren an der Universit\u00e4t zu K\u00f6ln und der P\u00e4dagogischen Hochschule Heidelberg<\/li><\/ul>\n","protected":false},"excerpt":{"rendered":"<p>Was jetzt ist&#8230; Professor f\u00fcr Mathematik und ihre Didaktikan der P\u00e4dagogischen Hochschule Heidelberg Netzwerk Mitglied des Beirats der Gesellschaft f\u00fcr Didaktik der Mathematik Mitglied im Leitungsteam der cooperative schule-hochschule (cosh) Mitglied der Verb\u00e4nde GDM, der DMV, dem MNU Selbstverwaltung Leiter des Zentralen Pr\u00fcfungsamts der PHHD und der Au\u00dfenstelle des Landeslehrerpr\u00fcfungsamts Baden-W\u00fcrttemberg Mitglied der Zulassungsaussch\u00fcsse f\u00fcr &hellip; <\/p>\n<p class=\"link-more\"><a href=\"https:\/\/www.pinkernell.online\/?page_id=26\" class=\"more-link\"><span class=\"screen-reader-text\">\u201e\u00fcber mich\u201c<\/span> weiterlesen<\/a><\/p>\n","protected":false},"author":1,"featured_media":0,"parent":328,"menu_order":0,"comment_status":"closed","ping_status":"closed","template":"","meta":{"footnotes":""},"class_list":["post-26","page","type-page","status-publish","hentry"],"_links":{"self":[{"href":"https:\/\/www.pinkernell.online\/index.php?rest_route=\/wp\/v2\/pages\/26","targetHints":{"allow":["GET"]}}],"collection":[{"href":"https:\/\/www.pinkernell.online\/index.php?rest_route=\/wp\/v2\/pages"}],"about":[{"href":"https:\/\/www.pinkernell.online\/index.php?rest_route=\/wp\/v2\/types\/page"}],"author":[{"embeddable":true,"href":"https:\/\/www.pinkernell.online\/index.php?rest_route=\/wp\/v2\/users\/1"}],"replies":[{"embeddable":true,"href":"https:\/\/www.pinkernell.online\/index.php?rest_route=%2Fwp%2Fv2%2Fcomments&post=26"}],"version-history":[{"count":27,"href":"https:\/\/www.pinkernell.online\/index.php?rest_route=\/wp\/v2\/pages\/26\/revisions"}],"predecessor-version":[{"id":620,"href":"https:\/\/www.pinkernell.online\/index.php?rest_route=\/wp\/v2\/pages\/26\/revisions\/620"}],"up":[{"embeddable":true,"href":"https:\/\/www.pinkernell.online\/index.php?rest_route=\/wp\/v2\/pages\/328"}],"wp:attachment":[{"href":"https:\/\/www.pinkernell.online\/index.php?rest_route=%2Fwp%2Fv2%2Fmedia&parent=26"}],"curies":[{"name":"wp","href":"https:\/\/api.w.org\/{rel}","templated":true}]}}