{"id":279,"date":"2018-09-01T20:26:49","date_gmt":"2018-09-01T18:26:49","guid":{"rendered":"https:\/\/wordpress.pinkernell.online\/?page_id=279"},"modified":"2018-09-01T21:17:07","modified_gmt":"2018-09-01T19:17:07","slug":"aldiff-algebra-differenziert-foerdern","status":"publish","type":"page","link":"https:\/\/www.pinkernell.online\/?page_id=279","title":{"rendered":"aldiff: Algebra differenziert f\u00f6rdern"},"content":{"rendered":"\n<p>zusammen mit<br\/>Prof. Dr. Markus Vogel, P\u00e4dagogische Hochschule Heidelberg<br\/>Mitarbeiter Tim Lutz, P\u00e4dagogische Hochschule Heidelberg<\/p>\n\n\n\n<h2 class=\"wp-block-heading\">Kurzbeschreibung<\/h2>\n\n\n\n<p>Die elementare Algebra ist das zentrale Werkzeug f\u00fcr die mathematische Modellierung von Problemen in T\u00e4tigkeitsbereichen von Mathematikern, Ingenieuren, Naturwissenschaftlern und Technikern (MINT). Gerade im Bereich der elementaren Algebra der Sekundarstufe I aber weisen Anf\u00e4nger in MINT-Studieng\u00e4ngen h\u00e4ufig Defizite auf, die zum Studienabbruch f\u00fchren k\u00f6nnen. Hierauf reagieren Universit\u00e4ten und Hochschulen seit Langem mit Unterst\u00fctzungsma\u00dfnahmen wie Br\u00fccken- und Begleitkursen. Man bemerkt dabei, dass viele dieser Unterst\u00fctzungsma\u00dfnahmen an Hochschulen eher &#8222;kalk\u00fcllastige&#8220; Fertigkeiten im Blick haben als verstehensorientierte F\u00e4higkeiten. Dabei tritt der Bedarf an fachdidaktisch fundierten und differenzierten Kompetenzmodellen f\u00fcr grundlegende mathematische F\u00e4higkeite immer deutlicher zutage, ge\u00e4u\u00dfert insbesondere von Fachhochschulen mit Studienangeboten f\u00fcr den MINT-Bereich. Das Projekt aldiff will an dieser Stelle ansetzen: Auf Basis des in dem von der P\u00e4dagogischen Hochschule Heidelberg gef\u00f6rderten Projekts DiAleCo entwickelten theoretischen F\u00e4higkeitsmodells f\u00fcr die elementare Algebra (inkl. begleitender Aufgaben) soll nach der empirischen Validierung ein Diagnoseinstrument f\u00fcr den Einsatz an der Schnittstelle Schule-Hochschule entwickelt werden. Dar\u00fcber hinaus werden prototypische Aufgabenmaterialien f\u00fcr differenzierende adaptive Unterst\u00fctzungsma\u00dfnahmen entwickelt, die im Rahmen existierender Br\u00fccken- bzw. Begleitkurse an Hochschulen zum Einsatz kommen sollen.<\/p>\n\n\n\n<h2 class=\"wp-block-heading\">Zeitraum<\/h2>\n\n\n\n<p>01.04.2017 \u2013 31.03.2020<\/p>\n\n\n\n<p>gef\u00f6rdert durch die Forschungsf\u00f6rderung der P\u00e4dagogischen Hochschule Heidelberg<\/p>\n","protected":false},"excerpt":{"rendered":"<p>zusammen mitProf. Dr. Markus Vogel, P\u00e4dagogische Hochschule HeidelbergMitarbeiter Tim Lutz, P\u00e4dagogische Hochschule Heidelberg Kurzbeschreibung Die elementare Algebra ist das zentrale Werkzeug f\u00fcr die mathematische Modellierung von Problemen in T\u00e4tigkeitsbereichen von Mathematikern, Ingenieuren, Naturwissenschaftlern und Technikern (MINT). Gerade im Bereich der elementaren Algebra der Sekundarstufe I aber weisen Anf\u00e4nger in MINT-Studieng\u00e4ngen h\u00e4ufig Defizite auf, die zum &hellip; <\/p>\n<p class=\"link-more\"><a href=\"https:\/\/www.pinkernell.online\/?page_id=279\" class=\"more-link\"><span class=\"screen-reader-text\">\u201ealdiff: Algebra differenziert f\u00f6rdern\u201c<\/span> weiterlesen<\/a><\/p>\n","protected":false},"author":1,"featured_media":0,"parent":310,"menu_order":0,"comment_status":"closed","ping_status":"closed","template":"","meta":{"footnotes":""},"class_list":["post-279","page","type-page","status-publish","hentry"],"_links":{"self":[{"href":"https:\/\/www.pinkernell.online\/index.php?rest_route=\/wp\/v2\/pages\/279","targetHints":{"allow":["GET"]}}],"collection":[{"href":"https:\/\/www.pinkernell.online\/index.php?rest_route=\/wp\/v2\/pages"}],"about":[{"href":"https:\/\/www.pinkernell.online\/index.php?rest_route=\/wp\/v2\/types\/page"}],"author":[{"embeddable":true,"href":"https:\/\/www.pinkernell.online\/index.php?rest_route=\/wp\/v2\/users\/1"}],"replies":[{"embeddable":true,"href":"https:\/\/www.pinkernell.online\/index.php?rest_route=%2Fwp%2Fv2%2Fcomments&post=279"}],"version-history":[{"count":3,"href":"https:\/\/www.pinkernell.online\/index.php?rest_route=\/wp\/v2\/pages\/279\/revisions"}],"predecessor-version":[{"id":283,"href":"https:\/\/www.pinkernell.online\/index.php?rest_route=\/wp\/v2\/pages\/279\/revisions\/283"}],"up":[{"embeddable":true,"href":"https:\/\/www.pinkernell.online\/index.php?rest_route=\/wp\/v2\/pages\/310"}],"wp:attachment":[{"href":"https:\/\/www.pinkernell.online\/index.php?rest_route=%2Fwp%2Fv2%2Fmedia&parent=279"}],"curies":[{"name":"wp","href":"https:\/\/api.w.org\/{rel}","templated":true}]}}