{"id":305,"date":"2018-09-01T21:05:43","date_gmt":"2018-09-01T19:05:43","guid":{"rendered":"https:\/\/wordpress.pinkernell.online\/?page_id=305"},"modified":"2018-09-02T10:15:11","modified_gmt":"2018-09-02T08:15:11","slug":"kooperationen","status":"publish","type":"page","link":"https:\/\/www.pinkernell.online\/?page_id=305","title":{"rendered":"Kooperationen"},"content":{"rendered":"\n<h2 class=\"wp-block-heading\">Duale Hochschule Baden-W\u00fcrttemberg<\/h2>\n\n\n\n<p>Die Zusammenarbeit mit der DHBW am Standort Mosbach umfasst Kooperationsprojekte in den Bereichen Lehre, Forschung, Transfer und Verwaltung. Hierzu z\u00e4hlen beispielweise die Entwicklung, Testung und Begleitung moderner p\u00e4dagogischer Ans\u00e4tze und didaktischer Methoden, die unter gemeinsamer Anleitung an einer der beiden beteiligten Hochschulen (oder an beiden) direkt umgesetzt und deren Erkenntnisse gemeinsam wissenschaftlich ver\u00f6ffentlicht werden k\u00f6nnen. Darunter fallen zum Beispiel die didaktische Konzeption, Planung, Durchf\u00fchrung und Evaluation studierendenzentrierter Pr\u00e4senzveranstaltungen sowie Blended-Learning-Konzepte und reiner Online-Kurse.<\/p>\n\n\n\n<h2 class=\"wp-block-heading\">optes<\/h2>\n\n\n\n<p>Ein Projekt zur Unterst\u00fctzung von Studierenden in der Studieneingangsphase von MINT-F\u00e4chern, insbesondere in den mathematikaffinen Grundlagenf\u00e4chern vermittels Entwicklung und Erprobung verschiedener Angebote, Inhalte und Konzepte f\u00fcr das begleitete Selbststudium der Mathematik: <a href=\"https:\/\/www.optes.de\/goto.php?target=root_1&amp;client_id=optes\" target=\"_blank\" rel=\"noopener\">Klick<\/a><\/p>\n\n\n\n<h2 class=\"wp-block-heading\">ABB<\/h2>\n\n\n\n<p>Konzeption und Durchf\u00fchrung eines Mathematikkurses f\u00fcr Studienanf\u00e4nger der ABB in elementaren Bereichen der Sekundarstufenmathematik auf Basis der <a href=\"https:\/\/wordpress.pinkernell.online\/?page_id=288\">Heidelberger Mathebr\u00fccke<\/a>.\u00a0<\/p>\n","protected":false},"excerpt":{"rendered":"<p>Duale Hochschule Baden-W\u00fcrttemberg Die Zusammenarbeit mit der DHBW am Standort Mosbach umfasst Kooperationsprojekte in den Bereichen Lehre, Forschung, Transfer und Verwaltung. Hierzu z\u00e4hlen beispielweise die Entwicklung, Testung und Begleitung moderner p\u00e4dagogischer Ans\u00e4tze und didaktischer Methoden, die unter gemeinsamer Anleitung an einer der beiden beteiligten Hochschulen (oder an beiden) direkt umgesetzt und deren Erkenntnisse gemeinsam wissenschaftlich &hellip; <\/p>\n<p class=\"link-more\"><a href=\"https:\/\/www.pinkernell.online\/?page_id=305\" class=\"more-link\"><span class=\"screen-reader-text\">\u201eKooperationen\u201c<\/span> weiterlesen<\/a><\/p>\n","protected":false},"author":1,"featured_media":0,"parent":396,"menu_order":0,"comment_status":"closed","ping_status":"closed","template":"","meta":{"footnotes":""},"class_list":["post-305","page","type-page","status-publish","hentry"],"_links":{"self":[{"href":"https:\/\/www.pinkernell.online\/index.php?rest_route=\/wp\/v2\/pages\/305","targetHints":{"allow":["GET"]}}],"collection":[{"href":"https:\/\/www.pinkernell.online\/index.php?rest_route=\/wp\/v2\/pages"}],"about":[{"href":"https:\/\/www.pinkernell.online\/index.php?rest_route=\/wp\/v2\/types\/page"}],"author":[{"embeddable":true,"href":"https:\/\/www.pinkernell.online\/index.php?rest_route=\/wp\/v2\/users\/1"}],"replies":[{"embeddable":true,"href":"https:\/\/www.pinkernell.online\/index.php?rest_route=%2Fwp%2Fv2%2Fcomments&post=305"}],"version-history":[{"count":5,"href":"https:\/\/www.pinkernell.online\/index.php?rest_route=\/wp\/v2\/pages\/305\/revisions"}],"predecessor-version":[{"id":375,"href":"https:\/\/www.pinkernell.online\/index.php?rest_route=\/wp\/v2\/pages\/305\/revisions\/375"}],"up":[{"embeddable":true,"href":"https:\/\/www.pinkernell.online\/index.php?rest_route=\/wp\/v2\/pages\/396"}],"wp:attachment":[{"href":"https:\/\/www.pinkernell.online\/index.php?rest_route=%2Fwp%2Fv2%2Fmedia&parent=305"}],"curies":[{"name":"wp","href":"https:\/\/api.w.org\/{rel}","templated":true}]}}