{"id":307,"date":"2018-09-01T21:12:15","date_gmt":"2018-09-01T19:12:15","guid":{"rendered":"https:\/\/wordpress.pinkernell.online\/?page_id=307"},"modified":"2018-09-02T07:29:45","modified_gmt":"2018-09-02T05:29:45","slug":"arbeitsgruppe","status":"publish","type":"page","link":"https:\/\/www.pinkernell.online\/?page_id=307","title":{"rendered":"Arbeitsgruppe"},"content":{"rendered":"\n<h4 class=\"wp-block-heading\">Mitarbeiter<\/h4>\n\n\n\n<ul class=\"wp-block-list\"><li>Tim Lutz<\/li><\/ul>\n\n\n\n<h4 class=\"wp-block-heading\">Externe<\/h4>\n\n\n\n<ul class=\"wp-block-list\"><li>Christian D\u00fcsi (DHBW Mosbach)<\/li><li>Myriam Hamich (DHBW Mosbach)<\/li><li>Pia \u010cuki\u0107 (Hochschule Mannheim)<\/li><li>David Sch\u00f6nw\u00e4lder (DHBW Mosbach)<\/li><li>Daniel Ullrich (DHBW Mosbach)<\/li><\/ul>\n\n\n\n<h4 class=\"wp-block-heading\">Hilfskr\u00e4fte<\/h4>\n\n\n\n<ul class=\"wp-block-list\"><li>Dominik B\u00fchler<\/li><li>Patrick Galm<\/li><li>Lukas Gulden<\/li><li>Joachim Sannwald<\/li><\/ul>\n","protected":false},"excerpt":{"rendered":"<p>Mitarbeiter Tim Lutz Externe Christian D\u00fcsi (DHBW Mosbach) Myriam Hamich (DHBW Mosbach) Pia \u010cuki\u0107 (Hochschule Mannheim) David Sch\u00f6nw\u00e4lder (DHBW Mosbach) Daniel Ullrich (DHBW Mosbach) Hilfskr\u00e4fte Dominik B\u00fchler Patrick Galm Lukas Gulden Joachim Sannwald<\/p>\n","protected":false},"author":1,"featured_media":0,"parent":328,"menu_order":0,"comment_status":"closed","ping_status":"closed","template":"","meta":{"footnotes":""},"class_list":["post-307","page","type-page","status-publish","hentry"],"_links":{"self":[{"href":"https:\/\/www.pinkernell.online\/index.php?rest_route=\/wp\/v2\/pages\/307","targetHints":{"allow":["GET"]}}],"collection":[{"href":"https:\/\/www.pinkernell.online\/index.php?rest_route=\/wp\/v2\/pages"}],"about":[{"href":"https:\/\/www.pinkernell.online\/index.php?rest_route=\/wp\/v2\/types\/page"}],"author":[{"embeddable":true,"href":"https:\/\/www.pinkernell.online\/index.php?rest_route=\/wp\/v2\/users\/1"}],"replies":[{"embeddable":true,"href":"https:\/\/www.pinkernell.online\/index.php?rest_route=%2Fwp%2Fv2%2Fcomments&post=307"}],"version-history":[{"count":4,"href":"https:\/\/www.pinkernell.online\/index.php?rest_route=\/wp\/v2\/pages\/307\/revisions"}],"predecessor-version":[{"id":349,"href":"https:\/\/www.pinkernell.online\/index.php?rest_route=\/wp\/v2\/pages\/307\/revisions\/349"}],"up":[{"embeddable":true,"href":"https:\/\/www.pinkernell.online\/index.php?rest_route=\/wp\/v2\/pages\/328"}],"wp:attachment":[{"href":"https:\/\/www.pinkernell.online\/index.php?rest_route=%2Fwp%2Fv2%2Fmedia&parent=307"}],"curies":[{"name":"wp","href":"https:\/\/api.w.org\/{rel}","templated":true}]}}