{"id":446,"date":"2018-09-02T10:55:56","date_gmt":"2018-09-02T08:55:56","guid":{"rendered":"https:\/\/wordpress.pinkernell.online\/?page_id=446"},"modified":"2018-09-02T11:13:32","modified_gmt":"2018-09-02T09:13:32","slug":"sumedx","status":"publish","type":"page","link":"https:\/\/www.pinkernell.online\/?page_id=446","title":{"rendered":"SUmEdX"},"content":{"rendered":"\n<p>Sinnvoller Umgang mit Elementen der X (wobei X=Algebra, Arithmetik, Funktionen, Raum und Form bzw. Messen). Orientiert am Projekt aldiff und dem dort entwickelten Referenzmodell f\u00fcr das Wissen und K\u00f6nnen der elementaren Algebra &#8211; <a href=\"https:\/\/wordpress.pinkernell.online\/?page_id=451\">SUmEdA<\/a> &#8211; werden analoge Modelle f\u00fcr die Gebiete Sekundarstufenarithmetik, Funktionale Zusammenh\u00e4nge und den geometrischen Bereichen Raum und Form bzw. Messen entwickelt.<\/p>\n\n\n\n<p>Die Entwicklung der neuen Referenzmodelle X ist Teil der Aufgabenkonzeption und -analyse im kooptierten Projekt <a href=\"https:\/\/wordpress.pinkernell.online\/?page_id=305\">optes<\/a>.<\/p>\n","protected":false},"excerpt":{"rendered":"<p>Sinnvoller Umgang mit Elementen der X (wobei X=Algebra, Arithmetik, Funktionen, Raum und Form bzw. Messen). Orientiert am Projekt aldiff und dem dort entwickelten Referenzmodell f\u00fcr das Wissen und K\u00f6nnen der elementaren Algebra &#8211; SUmEdA &#8211; werden analoge Modelle f\u00fcr die Gebiete Sekundarstufenarithmetik, Funktionale Zusammenh\u00e4nge und den geometrischen Bereichen Raum und Form bzw. Messen entwickelt. Die &hellip; <\/p>\n<p class=\"link-more\"><a href=\"https:\/\/www.pinkernell.online\/?page_id=446\" class=\"more-link\"><span class=\"screen-reader-text\">\u201eSUmEdX\u201c<\/span> weiterlesen<\/a><\/p>\n","protected":false},"author":1,"featured_media":0,"parent":396,"menu_order":0,"comment_status":"closed","ping_status":"closed","template":"","meta":{"footnotes":""},"class_list":["post-446","page","type-page","status-publish","hentry"],"_links":{"self":[{"href":"https:\/\/www.pinkernell.online\/index.php?rest_route=\/wp\/v2\/pages\/446","targetHints":{"allow":["GET"]}}],"collection":[{"href":"https:\/\/www.pinkernell.online\/index.php?rest_route=\/wp\/v2\/pages"}],"about":[{"href":"https:\/\/www.pinkernell.online\/index.php?rest_route=\/wp\/v2\/types\/page"}],"author":[{"embeddable":true,"href":"https:\/\/www.pinkernell.online\/index.php?rest_route=\/wp\/v2\/users\/1"}],"replies":[{"embeddable":true,"href":"https:\/\/www.pinkernell.online\/index.php?rest_route=%2Fwp%2Fv2%2Fcomments&post=446"}],"version-history":[{"count":6,"href":"https:\/\/www.pinkernell.online\/index.php?rest_route=\/wp\/v2\/pages\/446\/revisions"}],"predecessor-version":[{"id":457,"href":"https:\/\/www.pinkernell.online\/index.php?rest_route=\/wp\/v2\/pages\/446\/revisions\/457"}],"up":[{"embeddable":true,"href":"https:\/\/www.pinkernell.online\/index.php?rest_route=\/wp\/v2\/pages\/396"}],"wp:attachment":[{"href":"https:\/\/www.pinkernell.online\/index.php?rest_route=%2Fwp%2Fv2%2Fmedia&parent=446"}],"curies":[{"name":"wp","href":"https:\/\/api.w.org\/{rel}","templated":true}]}}