{"id":98,"date":"2018-08-17T13:05:44","date_gmt":"2018-08-17T11:05:44","guid":{"rendered":"https:\/\/wordpress.pinkernell.online\/?page_id=98"},"modified":"2018-09-26T09:51:45","modified_gmt":"2018-09-26T07:51:45","slug":"abschlussarbeiten","status":"publish","type":"page","link":"https:\/\/www.pinkernell.online\/?page_id=98","title":{"rendered":"Abschlussarbeiten"},"content":{"rendered":"\n<h2 class=\"wp-block-heading\">Themen<\/h2>\n\n\n\n<p>Sie k\u00f6nnen jederzeit eigene Themen anbieten. Ich selbst biete zur Zeit folgende Themenbereiche an, die jeweils eingeschr\u00e4nkt und konkretisiert werden k\u00f6nnen:<\/p>\n\n\n\n<ul class=\"wp-block-list\"><li>Funktionen untersuchen mit mathematischer Software (<a href=\"https:\/\/wordpress.pinkernell.online\/wp-content\/uploads\/2018\/08\/Abschlussarbeiten-Repr\u00e4sentationen.pdf\" target=\"_blank\">Klick<\/a>)<\/li><li>Digitale Anschauungs- und Arbeitsmittel (<a href=\"https:\/\/wordpress.pinkernell.online\/wp-content\/uploads\/2018\/08\/Abschlussarbeiten-Arbeitsmittel.pdf\" target=\"_blank\">Klick<\/a>)<\/li><li>Mathematische Lernvideos (<a href=\"https:\/\/wordpress.pinkernell.online\/wp-content\/uploads\/2018\/08\/Abschlussarbeiten-Lernvideos.pdf\" target=\"_blank\">Klick<\/a>)<\/li><li>Grundlegendes Wissen und K\u00f6nnen (<a href=\"https:\/\/wordpress.pinkernell.online\/wp-content\/uploads\/2018\/08\/Abschlussarbeiten-GWK.pdf\" target=\"_blank\">Klick<\/a>)<\/li><li>Digitale Aufgaben mit Feedback (<a href=\"https:\/\/wordpress.pinkernell.online\/wp-content\/uploads\/2018\/08\/Abschlussarbeiten-Feedback.pdf\" target=\"_blank\">Klick<\/a>)<\/li><\/ul>\n\n\n\n<h2 class=\"wp-block-heading\">Weitere Hinweise<\/h2>\n\n\n\n<p>Beachten Sie zun\u00e4chst die Hinweise des Zentralen Pr\u00fcfungsamts (<a href=\"https:\/\/www.ph-heidelberg.de\/studium\/im-studium\/zentrales-pruefungsamt.html\" target=\"_blank\">Klick<\/a>). Dar\u00fcber hinaus haben Sie vermutlich weitere Fragen:<\/p>\n\n\n\n<h4 class=\"wp-block-heading\"><strong>Wie<\/strong> fange<strong> ich an?<\/strong><\/h4>\n\n\n\n<p>Noch bevor Sie zu mir kommen sollten Sie eine relativ gute Vorstellung davon haben, was Sie untersuchen wollen. Warum wollen Sie das machen, was Sie machen wollen? Haben Sie entsprechende Erfahrungen gemacht? Haben Sie schon zum Thema <a href=\"https:\/\/wordpress.pinkernell.online\/?page_id=81\">recherchiert<\/a>?<\/p>\n\n\n\n<h4 class=\"wp-block-heading\"><strong>Ich habe ein Thema. Wie geht es weiter?<\/strong><\/h4>\n\n\n\n<p>Fertigen Sie baldm\u00f6glichst eine Gliederung Ihrer Arbeit an. Indem Sie \u00fcber die Struktur und insbesondere \u00dcberschriften nachdenken bekommen Sie selbst einen \u00dcberblick dar\u00fcber, was zu leisten ist. Insbesondere formulieren Sie eine &#8222;Forschungsfrage&#8220;. Was hei\u00dft: Eine Frage, auf die Sie mit Ihrer Arbeit eine Antwort geben wollen.<\/p>\n\n\n\n<p>Die Gliederung sollte in etwa die folgende Struktur haben:<\/p>\n\n\n\n<ol class=\"wp-block-list\"><li>Einleitung<\/li><li>Theoretische Grundlagen<\/li><li>Forschungsfrage und Methodik zur Untersuchung<\/li><li>Ergebnisse und Diskussion<\/li><li>Zusammenfassung<\/li><\/ol>\n\n\n\n<p>In den \u00dcberschriften und insbesondere der Forschungsfrage tauchen Begrifflichkeiten auf, deren Bedeutung Sie recherchieren sollten. Vielleicht wissen Sie, was Sie damit meinen, aber in der Wissenschaft werden diese Begriffe recht pr\u00e4zise definiert. Finden Sie heraus wie, und in welcher Bedeutung Sie die Terminologie verwenden wollen. Das was Sie finden, geh\u00f6rt in die &#8222;Theoretischen Grundlagen&#8220;.<\/p>\n\n\n\n<p>Zusammen mit den Definitionen der Begriffe werden h\u00e4ufig auch Methoden zu ihrer Untersuchung beschrieben. Zum Beispiel gibt es f\u00fcr das Konstrukt der Motivation valide Frageb\u00f6gen, die man einsetzen kann. Oder man formuliert selbst welche. Diese Dinge geh\u00f6ren in den Abschnitt Methodik.<\/p>\n\n\n\n<h4 class=\"wp-block-heading\"><strong>Wie zitiere ich?<\/strong><\/h4>\n\n\n\n<p>Nach dem APA-Style. Auf den Seiten der LMU finden Sie eine gute Zusammenfassung: <a href=\"http:\/\/www.edu.lmu.de\/apb\/dokumente-und-materialien\/dokumente-bachelor\/hinweise-zur-apa.pdf\" target=\"_blank\">Klick<\/a><\/p>\n\n\n\n<h4 class=\"wp-block-heading\"><strong>Wie soll ich den Text formatieren?<\/strong><\/h4>\n\n\n\n<p>Folgen Sie einfach den Vorgaben des Zentralen Pr\u00fcfungsamts (<a href=\"https:\/\/www.ph-heidelberg.de\/fileadmin\/de\/studium\/pruefungsaemter\/Pr\u00fcfungsamt_neu\/20180709_Anmeldung_BachelorArbeit_Lehramt.pdf\" target=\"_blank\">Klick<\/a>). Entscheidungen \u00fcber weitere Details k\u00f6nnen Sie selbst treffen.<\/p>\n","protected":false},"excerpt":{"rendered":"<p>Themen Sie k\u00f6nnen jederzeit eigene Themen anbieten. Ich selbst biete zur Zeit folgende Themenbereiche an, die jeweils eingeschr\u00e4nkt und konkretisiert werden k\u00f6nnen: Funktionen untersuchen mit mathematischer Software (Klick) Digitale Anschauungs- und Arbeitsmittel (Klick) Mathematische Lernvideos (Klick) Grundlegendes Wissen und K\u00f6nnen (Klick) Digitale Aufgaben mit Feedback (Klick) Weitere Hinweise Beachten Sie zun\u00e4chst die Hinweise des Zentralen &hellip; <\/p>\n<p class=\"link-more\"><a href=\"https:\/\/www.pinkernell.online\/?page_id=98\" class=\"more-link\"><span class=\"screen-reader-text\">\u201eAbschlussarbeiten\u201c<\/span> weiterlesen<\/a><\/p>\n","protected":false},"author":1,"featured_media":0,"parent":84,"menu_order":0,"comment_status":"closed","ping_status":"closed","template":"","meta":{"footnotes":""},"class_list":["post-98","page","type-page","status-publish","hentry"],"_links":{"self":[{"href":"https:\/\/www.pinkernell.online\/index.php?rest_route=\/wp\/v2\/pages\/98","targetHints":{"allow":["GET"]}}],"collection":[{"href":"https:\/\/www.pinkernell.online\/index.php?rest_route=\/wp\/v2\/pages"}],"about":[{"href":"https:\/\/www.pinkernell.online\/index.php?rest_route=\/wp\/v2\/types\/page"}],"author":[{"embeddable":true,"href":"https:\/\/www.pinkernell.online\/index.php?rest_route=\/wp\/v2\/users\/1"}],"replies":[{"embeddable":true,"href":"https:\/\/www.pinkernell.online\/index.php?rest_route=%2Fwp%2Fv2%2Fcomments&post=98"}],"version-history":[{"count":11,"href":"https:\/\/www.pinkernell.online\/index.php?rest_route=\/wp\/v2\/pages\/98\/revisions"}],"predecessor-version":[{"id":525,"href":"https:\/\/www.pinkernell.online\/index.php?rest_route=\/wp\/v2\/pages\/98\/revisions\/525"}],"up":[{"embeddable":true,"href":"https:\/\/www.pinkernell.online\/index.php?rest_route=\/wp\/v2\/pages\/84"}],"wp:attachment":[{"href":"https:\/\/www.pinkernell.online\/index.php?rest_route=%2Fwp%2Fv2%2Fmedia&parent=98"}],"curies":[{"name":"wp","href":"https:\/\/api.w.org\/{rel}","templated":true}]}}